{"id":1229,"date":"2019-12-04T12:57:42","date_gmt":"2019-12-04T12:57:42","guid":{"rendered":"https:\/\/solene.qodeinteractive.com\/elementor\/?page_id=1229"},"modified":"2024-06-06T15:32:10","modified_gmt":"2024-06-06T15:32:10","slug":"contacto","status":"publish","type":"page","link":"https:\/\/obwedding.com\/es\/contacto\/","title":{"rendered":"Contacto"},"content":{"rendered":"\t\t<div data-elementor-type=\"wp-page\" data-elementor-id=\"1229\" class=\"elementor elementor-1229\">\n\t\t\t\t\t\t<section class=\"elementor-section elementor-top-section elementor-element elementor-element-e22da85 elementor-section-full_width eltdf-elementor-row-grid-section elementor-section-height-default elementor-section-height-default eltdf-parallax-row-no eltdf-content-aligment-left eltdf-disabled-bg-image-bellow-no\" data-id=\"e22da85\" data-element_type=\"section\" data-e-type=\"section\">\n\t\t\t\t\t\t<div class=\"elementor-container elementor-column-gap-default\">\n\t\t\t\t\t<div class=\"elementor-column elementor-col-33 elementor-top-column elementor-element elementor-element-c113951\" data-id=\"c113951\" data-element_type=\"column\" data-e-type=\"column\">\n\t\t\t<div class=\"elementor-widget-wrap elementor-element-populated\">\n\t\t\t\t\t\t<div class=\"elementor-element elementor-element-ff1bd8d elementor-hidden-mobile elementor-widget__width-initial elementor-widget elementor-widget-heading\" data-id=\"ff1bd8d\" data-element_type=\"widget\" data-e-type=\"widget\" data-widget_type=\"heading.default\">\n\t\t\t\t<div class=\"elementor-widget-container\">\n\t\t\t\t\t<h1 class=\"elementor-heading-title elementor-size-default\">fot\u00f3grafo de bodas <\/h1>\t\t\t\t<\/div>\n\t\t\t\t<\/div>\n\t\t\t\t<div class=\"elementor-element elementor-element-cceb14e elementor-widget elementor-widget-spacer\" data-id=\"cceb14e\" data-element_type=\"widget\" data-e-type=\"widget\" data-widget_type=\"spacer.default\">\n\t\t\t\t<div class=\"elementor-widget-container\">\n\t\t\t\t\t\t\t<div class=\"elementor-spacer\">\n\t\t\t<div class=\"elementor-spacer-inner\"><\/div>\n\t\t<\/div>\n\t\t\t\t\t\t<\/div>\n\t\t\t\t<\/div>\n\t\t\t\t<div class=\"elementor-element elementor-element-c306db5 elementor-widget elementor-widget-spacer\" data-id=\"c306db5\" data-element_type=\"widget\" data-e-type=\"widget\" data-widget_type=\"spacer.default\">\n\t\t\t\t<div class=\"elementor-widget-container\">\n\t\t\t\t\t\t\t<div class=\"elementor-spacer\">\n\t\t\t<div class=\"elementor-spacer-inner\"><\/div>\n\t\t<\/div>\n\t\t\t\t\t\t<\/div>\n\t\t\t\t<\/div>\n\t\t\t\t<div class=\"elementor-element elementor-element-9061695 elementor-widget elementor-widget-eltdf_single_image\" data-id=\"9061695\" data-element_type=\"widget\" data-e-type=\"widget\" data-widget_type=\"eltdf_single_image.default\">\n\t\t\t\t<div class=\"elementor-widget-container\">\n\t\t\t\t\t<div class=\"eltdf-single-image-holder   \">\n    <div class=\"eltdf-si-inner\" >\n                                    <img fetchpriority=\"high\" decoding=\"async\" width=\"605\" height=\"787\" src=\"https:\/\/obwedding.com\/wp-content\/uploads\/2023\/07\/0004ter.jpg\" class=\"attachment-full size-full\" alt=\"\" srcset=\"https:\/\/obwedding.com\/wp-content\/uploads\/2023\/07\/0004ter.jpg 605w, https:\/\/obwedding.com\/wp-content\/uploads\/2023\/07\/0004ter-600x780.jpg 600w, https:\/\/obwedding.com\/wp-content\/uploads\/2023\/07\/0004ter-231x300.jpg 231w\" sizes=\"(max-width: 605px) 100vw, 605px\" \/>                        <\/div>\n<\/div>\t\t\t\t<\/div>\n\t\t\t\t<\/div>\n\t\t\t\t<div class=\"elementor-element elementor-element-88ba53b elementor-widget elementor-widget-spacer\" data-id=\"88ba53b\" data-element_type=\"widget\" data-e-type=\"widget\" data-widget_type=\"spacer.default\">\n\t\t\t\t<div class=\"elementor-widget-container\">\n\t\t\t\t\t\t\t<div class=\"elementor-spacer\">\n\t\t\t<div class=\"elementor-spacer-inner\"><\/div>\n\t\t<\/div>\n\t\t\t\t\t\t<\/div>\n\t\t\t\t<\/div>\n\t\t\t\t\t<\/div>\n\t\t<\/div>\n\t\t\t\t<div class=\"elementor-column elementor-col-33 elementor-top-column elementor-element elementor-element-681980f\" data-id=\"681980f\" data-element_type=\"column\" data-e-type=\"column\">\n\t\t\t<div class=\"elementor-widget-wrap\">\n\t\t\t\t\t\t\t<\/div>\n\t\t<\/div>\n\t\t\t\t<div class=\"elementor-column elementor-col-33 elementor-top-column elementor-element elementor-element-84b4cf4\" data-id=\"84b4cf4\" data-element_type=\"column\" data-e-type=\"column\">\n\t\t\t<div class=\"elementor-widget-wrap elementor-element-populated\">\n\t\t\t\t\t\t<div class=\"elementor-element elementor-element-cb2625d elementor-widget elementor-widget-qi_addons_for_elementor_contact_form_7\" data-id=\"cb2625d\" data-element_type=\"widget\" data-e-type=\"widget\" data-widget_type=\"qi_addons_for_elementor_contact_form_7.default\">\n\t\t\t\t<div class=\"elementor-widget-container\">\n\t\t\t\t\t<div class=\"qodef-shortcode qodef-m qodef-qi-contact-form-7\">\n\t\n<div class=\"wpcf7 no-js\" id=\"wpcf7-f14081-o1\" lang=\"es-ES\" dir=\"ltr\" data-wpcf7-id=\"14081\">\n<div class=\"screen-reader-response\"><p role=\"status\" aria-live=\"polite\" aria-atomic=\"true\"><\/p> <ul><\/ul><\/div>\n<form action=\"\/es\/wp-json\/wp\/v2\/pages\/1229#wpcf7-f14081-o1\" method=\"post\" class=\"wpcf7-form init\" aria-label=\"Formulario de contacto\" novalidate=\"novalidate\" data-status=\"init\">\n<fieldset class=\"hidden-fields-container\"><input type=\"hidden\" name=\"_wpcf7\" value=\"14081\" \/><input type=\"hidden\" name=\"_wpcf7_version\" value=\"6.1.5\" \/><input type=\"hidden\" name=\"_wpcf7_locale\" value=\"es_ES\" \/><input type=\"hidden\" name=\"_wpcf7_unit_tag\" value=\"wpcf7-f14081-o1\" \/><input type=\"hidden\" name=\"_wpcf7_container_post\" value=\"0\" \/><input type=\"hidden\" name=\"_wpcf7_posted_data_hash\" value=\"\" \/><input type=\"hidden\" name=\"_wpcf7_recaptcha_response\" value=\"\" \/>\n<\/fieldset>\n<label> Nombre y appellidos\n    <span class=\"wpcf7-form-control-wrap\" data-name=\"your-name\"><input size=\"40\" maxlength=\"400\" class=\"wpcf7-form-control wpcf7-text wpcf7-validates-as-required\" autocomplete=\"name\" aria-required=\"true\" aria-invalid=\"false\" value=\"\" type=\"text\" name=\"your-name\" \/><\/span> <\/label>\n\n<label> E-mail\n    <span class=\"wpcf7-form-control-wrap\" data-name=\"your-email\"><input size=\"40\" maxlength=\"400\" class=\"wpcf7-form-control wpcf7-email wpcf7-validates-as-required wpcf7-text wpcf7-validates-as-email\" autocomplete=\"email\" aria-required=\"true\" aria-invalid=\"false\" value=\"\" type=\"email\" name=\"your-email\" \/><\/span> <\/label>\n\n<label> Proyecto\n    <span class=\"wpcf7-form-control-wrap\" data-name=\"your-subject\"><input size=\"40\" maxlength=\"400\" class=\"wpcf7-form-control wpcf7-text wpcf7-validates-as-required\" aria-required=\"true\" aria-invalid=\"false\" value=\"\" type=\"text\" name=\"your-subject\" \/><\/span> <\/label>\n\n<label> Cuentanos tu experiencia \ud83d\ude42\n    <span class=\"wpcf7-form-control-wrap\" data-name=\"your-message\"><textarea cols=\"40\" rows=\"10\" maxlength=\"2000\" class=\"wpcf7-form-control wpcf7-textarea\" aria-invalid=\"false\" name=\"your-message\"><\/textarea><\/span> <\/label>\n\n<button class=\"wpcf7-form-control wpcf7-submit eltdf-btn eltdf-btn-large eltdf-btn-solid\" type=\"submit\"><span class=\"eltdf-btn-text\">Enviar<\/span><\/button><div class=\"wpcf7-response-output\" aria-hidden=\"true\"><\/div>\n<\/form>\n<\/div>\n<\/div>\n\t\t\t\t<\/div>\n\t\t\t\t<\/div>\n\t\t\t\t<div class=\"elementor-element elementor-element-5ca1a15 elementor-widget elementor-widget-spacer\" data-id=\"5ca1a15\" data-element_type=\"widget\" data-e-type=\"widget\" data-widget_type=\"spacer.default\">\n\t\t\t\t<div class=\"elementor-widget-container\">\n\t\t\t\t\t\t\t<div class=\"elementor-spacer\">\n\t\t\t<div class=\"elementor-spacer-inner\"><\/div>\n\t\t<\/div>\n\t\t\t\t\t\t<\/div>\n\t\t\t\t<\/div>\n\t\t\t\t<div class=\"elementor-element elementor-element-a2bb479 elementor-widget elementor-widget-eltdf_section_title\" data-id=\"a2bb479\" data-element_type=\"widget\" data-e-type=\"widget\" data-widget_type=\"eltdf_section_title.default\">\n\t\t\t\t<div class=\"elementor-widget-container\">\n\t\t\t\t\t<div class=\"eltdf-section-title-holder  \" >\n\t<div class=\"eltdf-st-inner\">\n\t\t\t\t\t\t\t<h3 class=\"eltdf-st-title\" style=\"color: #4D504A\">\n\t\t\t\tEmail\t\t\t\t\t\t\t<\/h3>\n\t\t\t\t\t\t\t<h4  class=\"eltdf-st-subtitle\" style=\"text-transform: none;color: #84847C\">\n\t\t\t\t<span>\n\t\t\t\t\tcontact@obwedding.com\t\t\t\t\t\t\t\t\t\t\t<a class=\"eltdf-st-subtitle-link\" href=\"mailto:contact@obwedding.com\" target=\"_self\"><\/a>\n\t\t\t\t\t\t\t\t\t<\/span>\n\t\t\t<\/h4 >\n\t\t\t\t\t\t\t<\/div>\n<\/div>\t\t\t\t<\/div>\n\t\t\t\t<\/div>\n\t\t\t\t<div class=\"elementor-element elementor-element-afd8d8f elementor-widget elementor-widget-spacer\" data-id=\"afd8d8f\" data-element_type=\"widget\" data-e-type=\"widget\" data-widget_type=\"spacer.default\">\n\t\t\t\t<div class=\"elementor-widget-container\">\n\t\t\t\t\t\t\t<div class=\"elementor-spacer\">\n\t\t\t<div class=\"elementor-spacer-inner\"><\/div>\n\t\t<\/div>\n\t\t\t\t\t\t<\/div>\n\t\t\t\t<\/div>\n\t\t\t\t<div class=\"elementor-element elementor-element-2e68a1d elementor-widget elementor-widget-eltdf_section_title\" data-id=\"2e68a1d\" data-element_type=\"widget\" data-e-type=\"widget\" data-widget_type=\"eltdf_section_title.default\">\n\t\t\t\t<div class=\"elementor-widget-container\">\n\t\t\t\t\t<div class=\"eltdf-section-title-holder  \" >\n\t<div class=\"eltdf-st-inner\">\n\t\t\t\t\t\t\t<h3 class=\"eltdf-st-title\" style=\"color: #4D504A\">\n\t\t\t\tT\u00e9l\u00e9phone\t\t\t\t\t\t\t<\/h3>\n\t\t\t\t\t\t\t\t\t<p class=\"eltdf-st-text\" >\n\t\t\t\t+34 652 456 569 (Es) <br \/>\n+33 6 25 54 98 71 (Fr)  \t\t\t<\/p>\n\t\t\t\t\t<\/div>\n<\/div>\t\t\t\t<\/div>\n\t\t\t\t<\/div>\n\t\t\t\t<div class=\"elementor-element elementor-element-f280e55 elementor-widget elementor-widget-spacer\" data-id=\"f280e55\" data-element_type=\"widget\" data-e-type=\"widget\" data-widget_type=\"spacer.default\">\n\t\t\t\t<div class=\"elementor-widget-container\">\n\t\t\t\t\t\t\t<div class=\"elementor-spacer\">\n\t\t\t<div class=\"elementor-spacer-inner\"><\/div>\n\t\t<\/div>\n\t\t\t\t\t\t<\/div>\n\t\t\t\t<\/div>\n\t\t\t\t<div class=\"elementor-element elementor-element-69dc4d7 elementor-widget elementor-widget-eltdf_section_title\" data-id=\"69dc4d7\" data-element_type=\"widget\" data-e-type=\"widget\" data-widget_type=\"eltdf_section_title.default\">\n\t\t\t\t<div class=\"elementor-widget-container\">\n\t\t\t\t\t<div class=\"eltdf-section-title-holder  \" >\n\t<div class=\"eltdf-st-inner\">\n\t\t\t\t\t\t\t<h3 class=\"eltdf-st-title\" style=\"color: #4D504A\">\n\t\t\t\tfacebook\t\t\t\t\t\t\t<\/h3>\n\t\t\t\t\t\t\t<h4  class=\"eltdf-st-subtitle\" style=\"text-transform: none;color: #84847C\">\n\t\t\t\t<span>\n\t\t\t\t\thttps:\/\/www.facebook.com\/profile.php?id=100080720735708\t\t\t\t\t\t\t\t\t\t\t<a class=\"eltdf-st-subtitle-link\" href=\"https:\/\/www.facebook.com\/profile.php?id=100080720735708\" target=\"_blank\"><\/a>\n\t\t\t\t\t\t\t\t\t<\/span>\n\t\t\t<\/h4 >\n\t\t\t\t\t\t\t<\/div>\n<\/div>\t\t\t\t<\/div>\n\t\t\t\t<\/div>\n\t\t\t\t<div class=\"elementor-element elementor-element-7edaf39 elementor-widget elementor-widget-spacer\" data-id=\"7edaf39\" data-element_type=\"widget\" data-e-type=\"widget\" data-widget_type=\"spacer.default\">\n\t\t\t\t<div class=\"elementor-widget-container\">\n\t\t\t\t\t\t\t<div class=\"elementor-spacer\">\n\t\t\t<div class=\"elementor-spacer-inner\"><\/div>\n\t\t<\/div>\n\t\t\t\t\t\t<\/div>\n\t\t\t\t<\/div>\n\t\t\t\t<div class=\"elementor-element elementor-element-256c4cd elementor-widget elementor-widget-eltdf_section_title\" data-id=\"256c4cd\" data-element_type=\"widget\" data-e-type=\"widget\" data-widget_type=\"eltdf_section_title.default\">\n\t\t\t\t<div class=\"elementor-widget-container\">\n\t\t\t\t\t<div class=\"eltdf-section-title-holder  \" >\n\t<div class=\"eltdf-st-inner\">\n\t\t\t\t\t\t\t<h3 class=\"eltdf-st-title\" style=\"color: #4D504A\">\n\t\t\t\tinstagram\t\t\t\t\t\t\t<\/h3>\n\t\t\t\t\t\t\t<h4  class=\"eltdf-st-subtitle\" style=\"text-transform: none;color: #84847C\">\n\t\t\t\t<span>\n\t\t\t\t\thttps:\/\/www.instagram.com\/benierolivier1\/\t\t\t\t\t\t\t\t\t\t\t<a class=\"eltdf-st-subtitle-link\" href=\"https:\/\/www.instagram.com\/benierolivier1\/\" target=\"_blank\"><\/a>\n\t\t\t\t\t\t\t\t\t<\/span>\n\t\t\t<\/h4 >\n\t\t\t\t\t\t\t<\/div>\n<\/div>\t\t\t\t<\/div>\n\t\t\t\t<\/div>\n\t\t\t\t<div class=\"elementor-element elementor-element-cb300ec elementor-widget elementor-widget-spacer\" data-id=\"cb300ec\" data-element_type=\"widget\" data-e-type=\"widget\" data-widget_type=\"spacer.default\">\n\t\t\t\t<div class=\"elementor-widget-container\">\n\t\t\t\t\t\t\t<div class=\"elementor-spacer\">\n\t\t\t<div class=\"elementor-spacer-inner\"><\/div>\n\t\t<\/div>\n\t\t\t\t\t\t<\/div>\n\t\t\t\t<\/div>\n\t\t\t\t\t<\/div>\n\t\t<\/div>\n\t\t\t\t\t<\/div>\n\t\t<\/section>\n\t\t\t\t<\/div>\n\t\t","protected":false},"excerpt":{"rendered":"<p>fot\u00f3grafo de bodas Nomre y Appellidos Email Proyecto Mensaje (facultatif) Enviar Email contact@obwedding.com T\u00e9l\u00e9phone +34 652 456 569 (Es) +33 6 25 54 98 71 (Fr) facebook https:\/\/www.facebook.com\/profile.php?id=100080720735708 instagram https:\/\/www.instagram.com\/benierolivier1\/<\/p>\n","protected":false},"author":1,"featured_media":0,"parent":0,"menu_order":0,"comment_status":"closed","ping_status":"closed","template":"elementor_header_footer","meta":{"footnotes":""},"class_list":["post-1229","page","type-page","status-publish","hentry"],"yoast_head":"<!-- This site is optimized with the Yoast SEO plugin v27.5 - https:\/\/yoast.com\/product\/yoast-seo-wordpress\/ -->\n<title>Contacto - Fot\u00f3grafo Bodas y Comuniones Valencia<\/title>\n<meta name=\"robots\" content=\"index, follow, max-snippet:-1, max-image-preview:large, max-video-preview:-1\" \/>\n<link rel=\"canonical\" href=\"https:\/\/obwedding.com\/es\/contacto\/\" \/>\n<meta property=\"og:locale\" content=\"es_ES\" \/>\n<meta property=\"og:type\" content=\"article\" \/>\n<meta property=\"og:title\" content=\"Contacto - Fot\u00f3grafo Bodas y Comuniones Valencia\" \/>\n<meta property=\"og:description\" content=\"fot\u00f3grafo de bodas Nomre y Appellidos Email Proyecto Mensaje (facultatif) Enviar Email contact@obwedding.com T\u00e9l\u00e9phone +34 652 456 569 (Es) +33 6 25 54 98 71 (Fr) facebook https:\/\/www.facebook.com\/profile.php?id=100080720735708 instagram https:\/\/www.instagram.com\/benierolivier1\/\" \/>\n<meta property=\"og:url\" content=\"https:\/\/obwedding.com\/es\/contacto\/\" \/>\n<meta property=\"og:site_name\" content=\"Fot\u00f3grafo Bodas y Comuniones Valencia\" \/>\n<meta property=\"article:publisher\" content=\"https:\/\/www.facebook.com\/profile.php?id=100080720735708\" \/>\n<meta property=\"article:modified_time\" content=\"2024-06-06T15:32:10+00:00\" \/>\n<meta property=\"og:image\" content=\"https:\/\/obwedding.com\/wp-content\/uploads\/2023\/07\/0004ter.jpg\" \/>\n<meta name=\"twitter:card\" content=\"summary_large_image\" \/>\n<meta name=\"twitter:label1\" content=\"Tiempo de lectura\" \/>\n\t<meta name=\"twitter:data1\" content=\"1 minuto\" \/>\n<script type=\"application\/ld+json\" class=\"yoast-schema-graph\">{\"@context\":\"https:\\\/\\\/schema.org\",\"@graph\":[{\"@type\":\"WebPage\",\"@id\":\"https:\\\/\\\/obwedding.com\\\/es\\\/contacto\\\/\",\"url\":\"https:\\\/\\\/obwedding.com\\\/es\\\/contacto\\\/\",\"name\":\"Contacto - Fot\u00f3grafo Bodas y Comuniones Valencia\",\"isPartOf\":{\"@id\":\"https:\\\/\\\/obwedding.com\\\/es\\\/#website\"},\"primaryImageOfPage\":{\"@id\":\"https:\\\/\\\/obwedding.com\\\/es\\\/contacto\\\/#primaryimage\"},\"image\":{\"@id\":\"https:\\\/\\\/obwedding.com\\\/es\\\/contacto\\\/#primaryimage\"},\"thumbnailUrl\":\"https:\\\/\\\/obwedding.com\\\/wp-content\\\/uploads\\\/2023\\\/07\\\/0004ter.jpg\",\"datePublished\":\"2019-12-04T12:57:42+00:00\",\"dateModified\":\"2024-06-06T15:32:10+00:00\",\"breadcrumb\":{\"@id\":\"https:\\\/\\\/obwedding.com\\\/es\\\/contacto\\\/#breadcrumb\"},\"inLanguage\":\"es\",\"potentialAction\":[{\"@type\":\"ReadAction\",\"target\":[\"https:\\\/\\\/obwedding.com\\\/es\\\/contacto\\\/\"]}]},{\"@type\":\"ImageObject\",\"inLanguage\":\"es\",\"@id\":\"https:\\\/\\\/obwedding.com\\\/es\\\/contacto\\\/#primaryimage\",\"url\":\"https:\\\/\\\/obwedding.com\\\/wp-content\\\/uploads\\\/2023\\\/07\\\/0004ter.jpg\",\"contentUrl\":\"https:\\\/\\\/obwedding.com\\\/wp-content\\\/uploads\\\/2023\\\/07\\\/0004ter.jpg\"},{\"@type\":\"BreadcrumbList\",\"@id\":\"https:\\\/\\\/obwedding.com\\\/es\\\/contacto\\\/#breadcrumb\",\"itemListElement\":[{\"@type\":\"ListItem\",\"position\":1,\"name\":\"Accueil\",\"item\":\"https:\\\/\\\/obwedding.com\\\/es\\\/\"},{\"@type\":\"ListItem\",\"position\":2,\"name\":\"Contacto\"}]},{\"@type\":\"WebSite\",\"@id\":\"https:\\\/\\\/obwedding.com\\\/es\\\/#website\",\"url\":\"https:\\\/\\\/obwedding.com\\\/es\\\/\",\"name\":\"Fot\u00f3grafo Bodas y Comuniones Valencia\",\"description\":\"\",\"potentialAction\":[{\"@type\":\"SearchAction\",\"target\":{\"@type\":\"EntryPoint\",\"urlTemplate\":\"https:\\\/\\\/obwedding.com\\\/es\\\/?s={search_term_string}\"},\"query-input\":{\"@type\":\"PropertyValueSpecification\",\"valueRequired\":true,\"valueName\":\"search_term_string\"}}],\"inLanguage\":\"es\"}]}<\/script>\n<!-- \/ Yoast SEO plugin. -->","yoast_head_json":{"title":"Contacto - Fot\u00f3grafo Bodas y Comuniones Valencia","robots":{"index":"index","follow":"follow","max-snippet":"max-snippet:-1","max-image-preview":"max-image-preview:large","max-video-preview":"max-video-preview:-1"},"canonical":"https:\/\/obwedding.com\/es\/contacto\/","og_locale":"es_ES","og_type":"article","og_title":"Contacto - Fot\u00f3grafo Bodas y Comuniones Valencia","og_description":"fot\u00f3grafo de bodas Nomre y Appellidos Email Proyecto Mensaje (facultatif) Enviar Email contact@obwedding.com T\u00e9l\u00e9phone +34 652 456 569 (Es) +33 6 25 54 98 71 (Fr) facebook https:\/\/www.facebook.com\/profile.php?id=100080720735708 instagram https:\/\/www.instagram.com\/benierolivier1\/","og_url":"https:\/\/obwedding.com\/es\/contacto\/","og_site_name":"Fot\u00f3grafo Bodas y Comuniones Valencia","article_publisher":"https:\/\/www.facebook.com\/profile.php?id=100080720735708","article_modified_time":"2024-06-06T15:32:10+00:00","og_image":[{"url":"https:\/\/obwedding.com\/wp-content\/uploads\/2023\/07\/0004ter.jpg","type":"","width":"","height":""}],"twitter_card":"summary_large_image","twitter_misc":{"Tiempo de lectura":"1 minuto"},"schema":{"@context":"https:\/\/schema.org","@graph":[{"@type":"WebPage","@id":"https:\/\/obwedding.com\/es\/contacto\/","url":"https:\/\/obwedding.com\/es\/contacto\/","name":"Contacto - Fot\u00f3grafo Bodas y Comuniones Valencia","isPartOf":{"@id":"https:\/\/obwedding.com\/es\/#website"},"primaryImageOfPage":{"@id":"https:\/\/obwedding.com\/es\/contacto\/#primaryimage"},"image":{"@id":"https:\/\/obwedding.com\/es\/contacto\/#primaryimage"},"thumbnailUrl":"https:\/\/obwedding.com\/wp-content\/uploads\/2023\/07\/0004ter.jpg","datePublished":"2019-12-04T12:57:42+00:00","dateModified":"2024-06-06T15:32:10+00:00","breadcrumb":{"@id":"https:\/\/obwedding.com\/es\/contacto\/#breadcrumb"},"inLanguage":"es","potentialAction":[{"@type":"ReadAction","target":["https:\/\/obwedding.com\/es\/contacto\/"]}]},{"@type":"ImageObject","inLanguage":"es","@id":"https:\/\/obwedding.com\/es\/contacto\/#primaryimage","url":"https:\/\/obwedding.com\/wp-content\/uploads\/2023\/07\/0004ter.jpg","contentUrl":"https:\/\/obwedding.com\/wp-content\/uploads\/2023\/07\/0004ter.jpg"},{"@type":"BreadcrumbList","@id":"https:\/\/obwedding.com\/es\/contacto\/#breadcrumb","itemListElement":[{"@type":"ListItem","position":1,"name":"Accueil","item":"https:\/\/obwedding.com\/es\/"},{"@type":"ListItem","position":2,"name":"Contacto"}]},{"@type":"WebSite","@id":"https:\/\/obwedding.com\/es\/#website","url":"https:\/\/obwedding.com\/es\/","name":"Fot\u00f3grafo Bodas y Comuniones Valencia","description":"","potentialAction":[{"@type":"SearchAction","target":{"@type":"EntryPoint","urlTemplate":"https:\/\/obwedding.com\/es\/?s={search_term_string}"},"query-input":{"@type":"PropertyValueSpecification","valueRequired":true,"valueName":"search_term_string"}}],"inLanguage":"es"}]}},"_links":{"self":[{"href":"https:\/\/obwedding.com\/es\/wp-json\/wp\/v2\/pages\/1229","targetHints":{"allow":["GET"]}}],"collection":[{"href":"https:\/\/obwedding.com\/es\/wp-json\/wp\/v2\/pages"}],"about":[{"href":"https:\/\/obwedding.com\/es\/wp-json\/wp\/v2\/types\/page"}],"author":[{"embeddable":true,"href":"https:\/\/obwedding.com\/es\/wp-json\/wp\/v2\/users\/1"}],"replies":[{"embeddable":true,"href":"https:\/\/obwedding.com\/es\/wp-json\/wp\/v2\/comments?post=1229"}],"version-history":[{"count":103,"href":"https:\/\/obwedding.com\/es\/wp-json\/wp\/v2\/pages\/1229\/revisions"}],"predecessor-version":[{"id":12035,"href":"https:\/\/obwedding.com\/es\/wp-json\/wp\/v2\/pages\/1229\/revisions\/12035"}],"wp:attachment":[{"href":"https:\/\/obwedding.com\/es\/wp-json\/wp\/v2\/media?parent=1229"}],"curies":[{"name":"wp","href":"https:\/\/api.w.org\/{rel}","templated":true}]}}